{"id":185,"date":"2013-04-14T22:20:10","date_gmt":"2013-04-15T02:20:10","guid":{"rendered":"http:\/\/cyclocyclo.com\/blog\/?page_id=185"},"modified":"2014-03-04T21:45:19","modified_gmt":"2014-03-05T02:45:19","slug":"about","status":"publish","type":"page","link":"https:\/\/cyclocyclo.com\/blog\/about\/","title":{"rendered":"About"},"content":{"rendered":"<p><img loading=\"lazy\" src=\"http:\/\/cyclocyclo.com\/blog\/wp-content\/uploads\/2013\/04\/AboutHeader.jpg\" alt=\"\u00c0 propos - About the ride, rider\" title=\"AboutHeader\" width=\"971\" height=\"260\" class=\"fullimage\" \/><\/a><\/p>\n<h3>La bicyclette <span class=\"en\">&#8211; The bike<\/span><\/h3>\n<p>Mont\u00e9 avec un esprit de route, mais sur une base de montagne,  un camion d&#8217;environ 19kg \u00e0 sec.<br \/>\nPens\u00e9 avec la durabilit\u00e9 comme priorit\u00e9, combin\u00e9 avec des pi\u00e8ces faciles \u00e0 remplacer dans les coins un peu perdus. Exemple, les routes de 26&#8243; et l&#8217;embrayage 8 vitesses. Seul exception, un frein \u00e0 disque sur l&#8217;avant, un essai.<\/p>\n<p><span class=\"en\">Built with a little road bike inspiration on a mountain frame. This truck weights around 19 kilos unloaded.<br \/>\nThought with reliability as a priority, with parts that should be easy to source anywhere, even when I&#8217;m lost. In example, 26in wheelset and 8 speed drivetrain along other stuff. One minor exception, a disc up front. A little test.<\/span><\/p>\n<h3>Pi\u00e8ces <span class=\"en\">&#8211; Parts<\/span><\/h3>\n<p><h7>Cadre\/frame:<\/h7><h8>Surly Troll 20&#8243;<\/h8><\/p>\n<h4>Roues <span class=\"en\">&#8211; Wheelset<\/span><\/h4>\n<p><h7>Jante\/Rim:<\/h7><h8>Sun Ringl\u00e9 RhynoLite XL 26&#8243;<\/h8><br \/>\n<h7>Moyeux\/Hubs:<\/h7><h8>Shimano XT Disc<\/h8><br \/>\n<h7>Rayons\/Spokes:<\/h7><h8>DT Swiss Alpine iii<\/h8><br \/>\n<h7>Pneus\/Tires:<\/h7><h8>Schwalbe Marathon 2&#8243;<\/h8><\/p>\n<h4>Point de contact <span class=\"en\">&#8211; Contact points<\/span><\/h4>\n<p><h7>Selle\/Saddle:<\/h7><h8>Brooks B17 classic<\/h8><br \/>\n<h7>Guidon\/Handlebar:<\/h7><h8>Nitto Randonneur<\/h8><br \/>\n<h7>P\u00e9dales\/Pedals:<\/h7><h8>MKS Sylvan Touring<\/h8><br \/>\n<h7>Straps:<\/h7><h8>Powergrips<\/h8><\/p>\n<h4>Freins <span class=\"en\">&#8211; Brakes<\/span><\/h4>\n<p><h7>Manettes\/Levers:<\/h7><h8>Tektro 520<\/h8><br \/>\n<h7>Avant\/Front:<\/h7><h8>Avid BB7 Disc<\/h8><br \/>\n<h7>Arri\u00e8re\/Back:<\/h7><h8>Avid V-Brake, Coolstop Pads<\/h8><\/p>\n<h4>Embrayage <span class=\"en\">&#8211; Drivetrain<\/span><\/h4>\n<p><h7>Manettes\/Levers:<\/h7><h8>Shimano Bar Ends<\/h8><br \/>\n<h7>D\u00e9railleur avant\/front :<\/h7><h8>Shimano Triple (?)<\/h8><br \/>\n<h7>D\u00e9railleur arri\u00e8re\/back:<\/h7><h8>Shimano XT<\/h8><br \/>\n<h7>Cassette:<\/h7><h8>Homemade 8spd 11-34<\/h8><br \/>\n<h7>P\u00e9dalier\/Crank:<\/h7><h8>Shimano Mtn 22-?<\/h8><br \/>\n<h7>BB:<\/h7><h8>Shimano UN-51?(square-tapper)<\/h8><\/p>\n<h4>Bagages <span class=\"en\">&#8211; luggage<\/span><\/h4>\n<p><h7>Racks:<\/h7><h8>Surly Nice Rack front &#038; rear<\/h8><br \/>\n<h7>Sacoches avant\/Front panniers:<\/h7><h8>Arkel T-18<\/h8><br \/>\n<h7>Sacoches arri\u00e8re\/Rear panniers:<\/h7><h8>Arkel XM-45<\/h8><br \/>\n<h7>Sacoche &#8216;guidon&#8217;\/&#8217;handlebar&#8217; bag:<\/h7><h8>Cocotte Fred<\/h8><\/p>\n","protected":false},"excerpt":{"rendered":"<p>La bicyclette &#8211; The bike Mont\u00e9 avec un esprit de route, mais sur une base de montagne, un camion d&#8217;environ 19kg \u00e0 sec. Pens\u00e9 avec la durabilit\u00e9 comme priorit\u00e9, combin\u00e9 avec des pi\u00e8ces faciles \u00e0 remplacer dans les coins un peu perdus. Exemple, les routes de 26&#8243; et l&#8217;embrayage 8 vitesses. Seul exception, un frein [&hellip;]<\/p>\n","protected":false},"author":1,"featured_media":0,"parent":0,"menu_order":0,"comment_status":"closed","ping_status":"open","template":"","meta":[],"_links":{"self":[{"href":"https:\/\/cyclocyclo.com\/blog\/wp-json\/wp\/v2\/pages\/185"}],"collection":[{"href":"https:\/\/cyclocyclo.com\/blog\/wp-json\/wp\/v2\/pages"}],"about":[{"href":"https:\/\/cyclocyclo.com\/blog\/wp-json\/wp\/v2\/types\/page"}],"author":[{"embeddable":true,"href":"https:\/\/cyclocyclo.com\/blog\/wp-json\/wp\/v2\/users\/1"}],"replies":[{"embeddable":true,"href":"https:\/\/cyclocyclo.com\/blog\/wp-json\/wp\/v2\/comments?post=185"}],"version-history":[{"count":30,"href":"https:\/\/cyclocyclo.com\/blog\/wp-json\/wp\/v2\/pages\/185\/revisions"}],"predecessor-version":[{"id":448,"href":"https:\/\/cyclocyclo.com\/blog\/wp-json\/wp\/v2\/pages\/185\/revisions\/448"}],"wp:attachment":[{"href":"https:\/\/cyclocyclo.com\/blog\/wp-json\/wp\/v2\/media?parent=185"}],"curies":[{"name":"wp","href":"https:\/\/api.w.org\/{rel}","templated":true}]}}